{"id":14,"date":"2025-10-18T15:37:42","date_gmt":"2025-10-18T13:37:42","guid":{"rendered":"http:\/\/laboratech.pl\/?page_id=14"},"modified":"2025-10-19T17:02:05","modified_gmt":"2025-10-19T15:02:05","slug":"o-nas","status":"publish","type":"page","link":"http:\/\/laboratech.pl\/?page_id=14","title":{"rendered":"O nas"},"content":{"rendered":"\n<div class=\"wp-block-group alignfull has-global-padding is-layout-constrained wp-container-core-group-is-layout-d89aad35 wp-block-group-is-layout-constrained\" style=\"margin-top:0;margin-bottom:0;padding-top:var(--wp--preset--spacing--50);padding-right:var(--wp--preset--spacing--50);padding-bottom:var(--wp--preset--spacing--50);padding-left:var(--wp--preset--spacing--50)\">\n<div class=\"wp-block-columns alignwide are-vertically-aligned-center is-layout-flex wp-container-core-columns-is-layout-47c06fe3 wp-block-columns-is-layout-flex\">\n<div class=\"wp-block-column is-vertically-aligned-center is-layout-flow wp-block-column-is-layout-flow\" style=\"flex-basis:50%\">\n<p>Laboratech to zesp\u00f3\u0142 specjalist\u00f3w \u0142\u0105cz\u0105cych do\u015bwiadczenie w bran\u017cy budowlanej, finansowej i technologicznej. Nasz\u0105 misj\u0105 jest realizacja inwestycji w spos\u00f3b zr\u00f3wnowa\u017cony i efektywny \u2014 od przygotowania dokumentacji, przez finansowanie, po oddanie gotowego obiektu i wdro\u017cenie narz\u0119dzi IT wspieraj\u0105cych jego u\u017cytkowanie.<\/p>\n\n\n\n<p>Dzia\u0142amy g\u0142\u00f3wnie na \u015al\u0105sku, realizuj\u0105c projekty dla sektora medycznego, edukacyjnego i publicznego. Dzi\u0119ki po\u0142\u0105czeniu trzech filar\u00f3w \u2014\u00a0<strong>budownictwa, doradztwa i IT<\/strong>\u00a0\u2014 oferujemy inwestorom pe\u0142ne wsparcie w ca\u0142ym cyklu \u017cycia projektu.<\/p>\n<\/div>\n\n\n\n<div class=\"wp-block-column is-vertically-aligned-center is-layout-flow wp-block-column-is-layout-flow\" style=\"flex-basis:50%\">\n<figure class=\"wp-block-image size-full is-style-rounded wp-duotone-duotone-1 is-style-rounded--1\"><img loading=\"lazy\" decoding=\"async\" width=\"667\" height=\"667\" src=\"http:\/\/laboratech.pl\/wp-content\/uploads\/2025\/10\/97-edited.jpg\" alt=\"\" class=\"wp-image-64\" style=\"aspect-ratio:4\/3;object-fit:cover\" srcset=\"http:\/\/laboratech.pl\/wp-content\/uploads\/2025\/10\/97-edited.jpg 667w, http:\/\/laboratech.pl\/wp-content\/uploads\/2025\/10\/97-edited-300x300.jpg 300w, http:\/\/laboratech.pl\/wp-content\/uploads\/2025\/10\/97-edited-150x150.jpg 150w\" sizes=\"auto, (max-width: 667px) 100vw, 667px\" \/><\/figure>\n<\/div>\n<\/div>\n<\/div>\n\n\n\n<p><\/p>\n","protected":false},"excerpt":{"rendered":"<p>Laboratech to zesp\u00f3\u0142 specjalist\u00f3w \u0142\u0105cz\u0105cych do\u015bwiadczenie w bran\u017cy budowlanej, finansowej i technologicznej. Nasz\u0105 misj\u0105 jest realizacja inwestycji w spos\u00f3b zr\u00f3wnowa\u017cony i efektywny \u2014 od przygotowania dokumentacji, przez finansowanie, po oddanie gotowego obiektu i wdro\u017cenie narz\u0119dzi IT wspieraj\u0105cych jego u\u017cytkowanie. Dzia\u0142amy g\u0142\u00f3wnie na \u015al\u0105sku, realizuj\u0105c projekty dla sektora medycznego, edukacyjnego i publicznego. Dzi\u0119ki po\u0142\u0105czeniu trzech filar\u00f3w [&hellip;]<\/p>\n","protected":false},"author":1,"featured_media":0,"parent":0,"menu_order":0,"comment_status":"closed","ping_status":"closed","template":"","meta":{"footnotes":""},"class_list":["post-14","page","type-page","status-publish","hentry"],"_links":{"self":[{"href":"http:\/\/laboratech.pl\/index.php?rest_route=\/wp\/v2\/pages\/14","targetHints":{"allow":["GET"]}}],"collection":[{"href":"http:\/\/laboratech.pl\/index.php?rest_route=\/wp\/v2\/pages"}],"about":[{"href":"http:\/\/laboratech.pl\/index.php?rest_route=\/wp\/v2\/types\/page"}],"author":[{"embeddable":true,"href":"http:\/\/laboratech.pl\/index.php?rest_route=\/wp\/v2\/users\/1"}],"replies":[{"embeddable":true,"href":"http:\/\/laboratech.pl\/index.php?rest_route=%2Fwp%2Fv2%2Fcomments&post=14"}],"version-history":[{"count":4,"href":"http:\/\/laboratech.pl\/index.php?rest_route=\/wp\/v2\/pages\/14\/revisions"}],"predecessor-version":[{"id":65,"href":"http:\/\/laboratech.pl\/index.php?rest_route=\/wp\/v2\/pages\/14\/revisions\/65"}],"wp:attachment":[{"href":"http:\/\/laboratech.pl\/index.php?rest_route=%2Fwp%2Fv2%2Fmedia&parent=14"}],"curies":[{"name":"wp","href":"https:\/\/api.w.org\/{rel}","templated":true}]}}