{"id":10,"date":"2025-10-18T15:35:23","date_gmt":"2025-10-18T13:35:23","guid":{"rendered":"http:\/\/laboratech.pl\/?page_id=10"},"modified":"2025-10-18T16:29:44","modified_gmt":"2025-10-18T14:29:44","slug":"generalne-wykonastwo","status":"publish","type":"page","link":"http:\/\/laboratech.pl\/?page_id=10","title":{"rendered":"Generalne Wykonawstwo"},"content":{"rendered":"\n<p><\/p>\n\n\n\n<div class=\"wp-block-group alignfull has-global-padding is-layout-constrained wp-container-core-group-is-layout-d89aad35 wp-block-group-is-layout-constrained\" style=\"margin-top:0;margin-bottom:0;padding-top:var(--wp--preset--spacing--50);padding-right:var(--wp--preset--spacing--50);padding-bottom:var(--wp--preset--spacing--50);padding-left:var(--wp--preset--spacing--50)\">\n<div class=\"wp-block-group alignwide has-global-padding is-layout-constrained wp-container-core-group-is-layout-19e250f3 wp-block-group-is-layout-constrained\">\n<div class=\"wp-block-columns alignwide is-layout-flex wp-container-core-columns-is-layout-d1c656ed wp-block-columns-is-layout-flex\">\n<div class=\"wp-block-column is-vertically-aligned-center is-layout-flow wp-block-column-is-layout-flow\" style=\"flex-basis:40%\">\n<h3 class=\"wp-block-heading is-style-asterisk\">Kompleksowa realizacja inwestycji<\/h3>\n\n\n\n<ul style=\"line-height:1.75\" class=\"wp-block-list is-style-checkmark-list\">\n<li>Prowadzimy budowy i modernizacje w formule \u201epod klucz\u201d. Koordynujemy wszystkie bran\u017ce, dostawc\u00f3w i podwykonawc\u00f3w \u2014 od rob\u00f3t konstrukcyjnych po wyko\u0144czenia.<\/li>\n<\/ul>\n<\/div>\n\n\n\n<div class=\"wp-block-column is-layout-flow wp-block-column-is-layout-flow\" style=\"flex-basis:50%\">\n<figure class=\"wp-block-image size-full is-style-rounded is-style-rounded--1\"><img loading=\"lazy\" decoding=\"async\" width=\"1024\" height=\"683\" src=\"http:\/\/laboratech.pl\/wp-content\/uploads\/2025\/10\/freepik__candid-photography-with-natural-textures-and-highl__50107-edited-1.png\" alt=\"\" class=\"wp-image-38\" srcset=\"http:\/\/laboratech.pl\/wp-content\/uploads\/2025\/10\/freepik__candid-photography-with-natural-textures-and-highl__50107-edited-1.png 1024w, http:\/\/laboratech.pl\/wp-content\/uploads\/2025\/10\/freepik__candid-photography-with-natural-textures-and-highl__50107-edited-1-300x200.png 300w, http:\/\/laboratech.pl\/wp-content\/uploads\/2025\/10\/freepik__candid-photography-with-natural-textures-and-highl__50107-edited-1-768x512.png 768w\" sizes=\"auto, (max-width: 1024px) 100vw, 1024px\" \/><\/figure>\n<\/div>\n<\/div>\n\n\n\n<div style=\"height:var(--wp--preset--spacing--40)\" aria-hidden=\"true\" class=\"wp-block-spacer\"><\/div>\n\n\n\n<div class=\"wp-block-columns alignwide is-layout-flex wp-container-core-columns-is-layout-d1c656ed wp-block-columns-is-layout-flex\">\n<div class=\"wp-block-column is-layout-flow wp-block-column-is-layout-flow\" style=\"flex-basis:50%\">\n<figure class=\"wp-block-image size-full is-style-rounded is-style-rounded--2\"><img loading=\"lazy\" decoding=\"async\" width=\"1024\" height=\"683\" src=\"http:\/\/laboratech.pl\/wp-content\/uploads\/2025\/10\/freepik__candid-photography-with-natural-textures-and-highl__50108-edited.png\" alt=\"\" class=\"wp-image-32\" srcset=\"http:\/\/laboratech.pl\/wp-content\/uploads\/2025\/10\/freepik__candid-photography-with-natural-textures-and-highl__50108-edited.png 1024w, http:\/\/laboratech.pl\/wp-content\/uploads\/2025\/10\/freepik__candid-photography-with-natural-textures-and-highl__50108-edited-300x200.png 300w, http:\/\/laboratech.pl\/wp-content\/uploads\/2025\/10\/freepik__candid-photography-with-natural-textures-and-highl__50108-edited-768x512.png 768w\" sizes=\"auto, (max-width: 1024px) 100vw, 1024px\" \/><\/figure>\n<\/div>\n\n\n\n<div class=\"wp-block-column is-vertically-aligned-center is-layout-flow wp-block-column-is-layout-flow\" style=\"flex-basis:40%\">\n<h3 class=\"wp-block-heading is-style-asterisk\">Adaptacje i modernizacje obiekt\u00f3w<\/h3>\n\n\n\n<ul style=\"line-height:1.75\" class=\"wp-block-list is-style-checkmark-list\">\n<li>Specjalizujemy si\u0119 w przebudowach budynk\u00f3w u\u017cyteczno\u015bci publicznej i szpitali. Zapewniamy ci\u0105g\u0142o\u015b\u0107 funkcjonowania obiektu w trakcie prac.<\/li>\n<\/ul>\n<\/div>\n<\/div>\n<\/div>\n\n\n\n<div style=\"height:var(--wp--preset--spacing--40)\" aria-hidden=\"true\" class=\"wp-block-spacer\"><\/div>\n\n\n\n<div class=\"wp-block-columns alignwide is-layout-flex wp-container-core-columns-is-layout-d1c656ed wp-block-columns-is-layout-flex\">\n<div class=\"wp-block-column is-vertically-aligned-center is-layout-flow wp-block-column-is-layout-flow\" style=\"flex-basis:40%\">\n<h3 class=\"wp-block-heading is-style-asterisk\">Roboty instalacyjne i wyko\u0144czeniowe<\/h3>\n\n\n\n<ul style=\"line-height:1.75\" class=\"wp-block-list is-style-checkmark-list\">\n<li>Wykonujemy instalacje elektryczne, sanitarne, HVAC, teletechniczne oraz pe\u0142en zakres rob\u00f3t wyko\u0144czeniowych, zgodnie z dokumentacj\u0105 i normami bran\u017cowymi.<\/li>\n<\/ul>\n<\/div>\n\n\n\n<div class=\"wp-block-column is-layout-flow wp-block-column-is-layout-flow\" style=\"flex-basis:50%\">\n<figure class=\"wp-block-image size-large is-style-rounded wp-duotone-duotone-1 is-style-rounded--3\"><img loading=\"lazy\" decoding=\"async\" width=\"1024\" height=\"683\" src=\"http:\/\/laboratech.pl\/wp-content\/uploads\/2025\/10\/mezczyzni-pracujacy-z-wyposazeniem-pelny-strzal-1024x683.jpg\" alt=\"\" class=\"wp-image-36\" srcset=\"http:\/\/laboratech.pl\/wp-content\/uploads\/2025\/10\/mezczyzni-pracujacy-z-wyposazeniem-pelny-strzal-1024x683.jpg 1024w, http:\/\/laboratech.pl\/wp-content\/uploads\/2025\/10\/mezczyzni-pracujacy-z-wyposazeniem-pelny-strzal-300x200.jpg 300w, http:\/\/laboratech.pl\/wp-content\/uploads\/2025\/10\/mezczyzni-pracujacy-z-wyposazeniem-pelny-strzal-768x512.jpg 768w, http:\/\/laboratech.pl\/wp-content\/uploads\/2025\/10\/mezczyzni-pracujacy-z-wyposazeniem-pelny-strzal-1536x1024.jpg 1536w, http:\/\/laboratech.pl\/wp-content\/uploads\/2025\/10\/mezczyzni-pracujacy-z-wyposazeniem-pelny-strzal-2048x1365.jpg 2048w\" sizes=\"auto, (max-width: 1024px) 100vw, 1024px\" \/><\/figure>\n<\/div>\n<\/div>\n\n\n\n<div style=\"height:var(--wp--preset--spacing--40)\" aria-hidden=\"true\" class=\"wp-block-spacer\"><\/div>\n\n\n\n<div class=\"wp-block-columns alignwide is-layout-flex wp-container-core-columns-is-layout-d1c656ed wp-block-columns-is-layout-flex\">\n<div class=\"wp-block-column is-layout-flow wp-block-column-is-layout-flow\" style=\"flex-basis:50%\">\n<figure class=\"wp-block-image size-full is-style-rounded is-style-rounded--4\"><img loading=\"lazy\" decoding=\"async\" width=\"1024\" height=\"683\" src=\"http:\/\/laboratech.pl\/wp-content\/uploads\/2025\/10\/freepik__candid-photography-with-natural-textures-and-highl__50109-edited.png\" alt=\"\" class=\"wp-image-34\" srcset=\"http:\/\/laboratech.pl\/wp-content\/uploads\/2025\/10\/freepik__candid-photography-with-natural-textures-and-highl__50109-edited.png 1024w, http:\/\/laboratech.pl\/wp-content\/uploads\/2025\/10\/freepik__candid-photography-with-natural-textures-and-highl__50109-edited-300x200.png 300w, http:\/\/laboratech.pl\/wp-content\/uploads\/2025\/10\/freepik__candid-photography-with-natural-textures-and-highl__50109-edited-768x512.png 768w\" sizes=\"auto, (max-width: 1024px) 100vw, 1024px\" \/><\/figure>\n<\/div>\n\n\n\n<div class=\"wp-block-column is-vertically-aligned-center is-layout-flow wp-block-column-is-layout-flow\" style=\"flex-basis:40%\">\n<h3 class=\"wp-block-heading is-style-asterisk\">Bezpiecze\u0144stwo i kontrola jako\u015bci<\/h3>\n\n\n\n<ul style=\"line-height:1.75\" class=\"wp-block-list is-style-checkmark-list\">\n<li>Przygotowujemy pe\u0142n\u0105 dokumentacj\u0119 powykonawcz\u0105, protoko\u0142y i certyfikaty. Wspieramy inwestora w procesie odbior\u00f3w oraz uruchomienia obiektu.<\/li>\n<\/ul>\n<\/div>\n<\/div>\n<\/div>\n","protected":false},"excerpt":{"rendered":"<p>Kompleksowa realizacja inwestycji Adaptacje i modernizacje obiekt\u00f3w Roboty instalacyjne i wyko\u0144czeniowe Bezpiecze\u0144stwo i kontrola jako\u015bci<\/p>\n","protected":false},"author":1,"featured_media":0,"parent":0,"menu_order":0,"comment_status":"closed","ping_status":"closed","template":"","meta":{"footnotes":""},"class_list":["post-10","page","type-page","status-publish","hentry"],"_links":{"self":[{"href":"http:\/\/laboratech.pl\/index.php?rest_route=\/wp\/v2\/pages\/10","targetHints":{"allow":["GET"]}}],"collection":[{"href":"http:\/\/laboratech.pl\/index.php?rest_route=\/wp\/v2\/pages"}],"about":[{"href":"http:\/\/laboratech.pl\/index.php?rest_route=\/wp\/v2\/types\/page"}],"author":[{"embeddable":true,"href":"http:\/\/laboratech.pl\/index.php?rest_route=\/wp\/v2\/users\/1"}],"replies":[{"embeddable":true,"href":"http:\/\/laboratech.pl\/index.php?rest_route=%2Fwp%2Fv2%2Fcomments&post=10"}],"version-history":[{"count":4,"href":"http:\/\/laboratech.pl\/index.php?rest_route=\/wp\/v2\/pages\/10\/revisions"}],"predecessor-version":[{"id":39,"href":"http:\/\/laboratech.pl\/index.php?rest_route=\/wp\/v2\/pages\/10\/revisions\/39"}],"wp:attachment":[{"href":"http:\/\/laboratech.pl\/index.php?rest_route=%2Fwp%2Fv2%2Fmedia&parent=10"}],"curies":[{"name":"wp","href":"https:\/\/api.w.org\/{rel}","templated":true}]}}